{"id":143,"date":"2022-02-23T13:25:03","date_gmt":"2022-02-23T13:25:03","guid":{"rendered":"https:\/\/laconciergeriedecaroline.com\/?page_id=143"},"modified":"2022-02-23T14:40:56","modified_gmt":"2022-02-23T14:40:56","slug":"la-maison-ephata-de-henriette","status":"publish","type":"page","link":"https:\/\/laconciergeriedecaroline.com\/index.php\/la-maison-ephata-de-henriette\/","title":{"rendered":"La Maison Ephata de Henriette"},"content":{"rendered":"\t\t<div data-elementor-type=\"wp-page\" data-elementor-id=\"143\" class=\"elementor elementor-143\" data-elementor-settings=\"[]\">\n\t\t\t\t\t\t\t<div class=\"elementor-section-wrap\">\n\t\t\t\t\t\t\t<section class=\"elementor-section elementor-top-section elementor-element elementor-element-cdf322c elementor-section-boxed elementor-section-height-default elementor-section-height-default\" data-id=\"cdf322c\" data-element_type=\"section\" data-settings=\"{&quot;background_background&quot;:&quot;classic&quot;}\">\n\t\t\t\t\t\t\t<div class=\"elementor-background-overlay\"><\/div>\n\t\t\t\t\t\t\t<div class=\"elementor-container elementor-column-gap-default\">\n\t\t\t\t\t<div class=\"elementor-column elementor-col-100 elementor-top-column elementor-element elementor-element-ea3abaa\" data-id=\"ea3abaa\" data-element_type=\"column\">\n\t\t\t<div class=\"elementor-widget-wrap elementor-element-populated\">\n\t\t\t\t\t\t\t\t<div class=\"elementor-element elementor-element-1c7c707 elementor-invisible elementor-widget elementor-widget-heading\" data-id=\"1c7c707\" data-element_type=\"widget\" data-settings=\"{&quot;_animation&quot;:&quot;slideInDown&quot;}\" data-widget_type=\"heading.default\">\n\t\t\t\t<div class=\"elementor-widget-container\">\n\t\t\t<style>\/*! elementor - v3.5.5 - 03-02-2022 *\/\n.elementor-heading-title{padding:0;margin:0;line-height:1}.elementor-widget-heading .elementor-heading-title[class*=elementor-size-]>a{color:inherit;font-size:inherit;line-height:inherit}.elementor-widget-heading .elementor-heading-title.elementor-size-small{font-size:15px}.elementor-widget-heading .elementor-heading-title.elementor-size-medium{font-size:19px}.elementor-widget-heading .elementor-heading-title.elementor-size-large{font-size:29px}.elementor-widget-heading .elementor-heading-title.elementor-size-xl{font-size:39px}.elementor-widget-heading .elementor-heading-title.elementor-size-xxl{font-size:59px}<\/style><h1 class=\"elementor-heading-title elementor-size-default\">La Maison Ephata de  Henriette<\/h1>\t\t<\/div>\n\t\t\t\t<\/div>\n\t\t\t\t\t<\/div>\n\t\t<\/div>\n\t\t\t\t\t\t\t<\/div>\n\t\t<\/section>\n\t\t\t\t<section class=\"elementor-section elementor-top-section elementor-element elementor-element-4f782d2 elementor-section-boxed elementor-section-height-default elementor-section-height-default\" data-id=\"4f782d2\" data-element_type=\"section\" data-settings=\"{&quot;background_background&quot;:&quot;classic&quot;}\">\n\t\t\t\t\t\t<div class=\"elementor-container elementor-column-gap-default\">\n\t\t\t\t\t<div class=\"elementor-column elementor-col-66 elementor-top-column elementor-element elementor-element-d265f8b\" data-id=\"d265f8b\" data-element_type=\"column\">\n\t\t\t<div class=\"elementor-widget-wrap elementor-element-populated\">\n\t\t\t\t\t\t\t\t<section class=\"elementor-section elementor-inner-section elementor-element elementor-element-fad24cc elementor-section-boxed elementor-section-height-default elementor-section-height-default\" data-id=\"fad24cc\" data-element_type=\"section\">\n\t\t\t\t\t\t<div class=\"elementor-container elementor-column-gap-default\">\n\t\t\t\t\t<div class=\"elementor-column elementor-col-100 elementor-inner-column elementor-element elementor-element-2f7a7a0\" data-id=\"2f7a7a0\" data-element_type=\"column\" data-settings=\"{&quot;background_background&quot;:&quot;classic&quot;}\">\n\t\t\t<div class=\"elementor-widget-wrap elementor-element-populated\">\n\t\t\t\t\t\t\t\t<div class=\"elementor-element elementor-element-7a9b195 elementor-widget elementor-widget-image-gallery\" data-id=\"7a9b195\" data-element_type=\"widget\" data-widget_type=\"image-gallery.default\">\n\t\t\t\t<div class=\"elementor-widget-container\">\n\t\t\t<style>\/*! elementor - v3.5.5 - 03-02-2022 *\/\n.elementor-image-gallery .gallery-item{display:inline-block;text-align:center;vertical-align:top;width:100%;max-width:100%;margin:0 auto}.elementor-image-gallery .gallery-item img{margin:0 auto}.elementor-image-gallery .gallery-item .gallery-caption{margin:0}.elementor-image-gallery figure img{display:block}.elementor-image-gallery figure figcaption{width:100%}.gallery-spacing-custom .elementor-image-gallery .gallery-icon{padding:0}@media (min-width:768px){.elementor-image-gallery .gallery-columns-2 .gallery-item{max-width:50%}.elementor-image-gallery .gallery-columns-3 .gallery-item{max-width:33.33%}.elementor-image-gallery .gallery-columns-4 .gallery-item{max-width:25%}.elementor-image-gallery .gallery-columns-5 .gallery-item{max-width:20%}.elementor-image-gallery .gallery-columns-6 .gallery-item{max-width:16.666%}.elementor-image-gallery .gallery-columns-7 .gallery-item{max-width:14.28%}.elementor-image-gallery .gallery-columns-8 .gallery-item{max-width:12.5%}.elementor-image-gallery .gallery-columns-9 .gallery-item{max-width:11.11%}.elementor-image-gallery .gallery-columns-10 .gallery-item{max-width:10%}}@media (min-width:480px) and (max-width:767px){.elementor-image-gallery .gallery.gallery-columns-2 .gallery-item,.elementor-image-gallery .gallery.gallery-columns-3 .gallery-item,.elementor-image-gallery .gallery.gallery-columns-4 .gallery-item,.elementor-image-gallery .gallery.gallery-columns-5 .gallery-item,.elementor-image-gallery .gallery.gallery-columns-6 .gallery-item,.elementor-image-gallery .gallery.gallery-columns-7 .gallery-item,.elementor-image-gallery .gallery.gallery-columns-8 .gallery-item,.elementor-image-gallery .gallery.gallery-columns-9 .gallery-item,.elementor-image-gallery .gallery.gallery-columns-10 .gallery-item{max-width:50%}}@media (max-width:479px){.elementor-image-gallery .gallery.gallery-columns-2 .gallery-item,.elementor-image-gallery .gallery.gallery-columns-3 .gallery-item,.elementor-image-gallery .gallery.gallery-columns-4 .gallery-item,.elementor-image-gallery .gallery.gallery-columns-5 .gallery-item,.elementor-image-gallery .gallery.gallery-columns-6 .gallery-item,.elementor-image-gallery .gallery.gallery-columns-7 .gallery-item,.elementor-image-gallery .gallery.gallery-columns-8 .gallery-item,.elementor-image-gallery .gallery.gallery-columns-9 .gallery-item,.elementor-image-gallery .gallery.gallery-columns-10 .gallery-item{max-width:100%}}<\/style>\t\t<div class=\"elementor-image-gallery\">\n\t\t\t<div id='gallery-1' class='gallery galleryid-143 gallery-columns-4 gallery-size-thumbnail'><figure class='gallery-item'>\n\t\t\t<div class='gallery-icon landscape'>\n\t\t\t\t<a data-elementor-open-lightbox=\"yes\" data-elementor-lightbox-slideshow=\"7a9b195\" data-elementor-lightbox-title=\"ep\" href='https:\/\/laconciergeriedecaroline.com\/wp-content\/uploads\/2022\/02\/ep.jpg'><img loading=\"lazy\" decoding=\"async\" width=\"150\" height=\"150\" src=\"https:\/\/laconciergeriedecaroline.com\/wp-content\/uploads\/2022\/02\/ep-150x150.jpg\" class=\"attachment-thumbnail size-thumbnail\" alt=\"\" \/><\/a>\n\t\t\t<\/div><\/figure><figure class='gallery-item'>\n\t\t\t<div class='gallery-icon landscape'>\n\t\t\t\t<a data-elementor-open-lightbox=\"yes\" data-elementor-lightbox-slideshow=\"7a9b195\" data-elementor-lightbox-title=\"ep1\" href='https:\/\/laconciergeriedecaroline.com\/wp-content\/uploads\/2022\/02\/ep1.jpg'><img loading=\"lazy\" decoding=\"async\" width=\"150\" height=\"150\" src=\"https:\/\/laconciergeriedecaroline.com\/wp-content\/uploads\/2022\/02\/ep1-150x150.jpg\" class=\"attachment-thumbnail size-thumbnail\" alt=\"\" \/><\/a>\n\t\t\t<\/div><\/figure><figure class='gallery-item'>\n\t\t\t<div class='gallery-icon landscape'>\n\t\t\t\t<a data-elementor-open-lightbox=\"yes\" data-elementor-lightbox-slideshow=\"7a9b195\" data-elementor-lightbox-title=\"ep2\" href='https:\/\/laconciergeriedecaroline.com\/wp-content\/uploads\/2022\/02\/ep2.jpg'><img loading=\"lazy\" decoding=\"async\" width=\"150\" height=\"150\" src=\"https:\/\/laconciergeriedecaroline.com\/wp-content\/uploads\/2022\/02\/ep2-150x150.jpg\" class=\"attachment-thumbnail size-thumbnail\" alt=\"\" \/><\/a>\n\t\t\t<\/div><\/figure><figure class='gallery-item'>\n\t\t\t<div class='gallery-icon landscape'>\n\t\t\t\t<a data-elementor-open-lightbox=\"yes\" data-elementor-lightbox-slideshow=\"7a9b195\" data-elementor-lightbox-title=\"ep3\" href='https:\/\/laconciergeriedecaroline.com\/wp-content\/uploads\/2022\/02\/ep3.jpg'><img loading=\"lazy\" decoding=\"async\" width=\"150\" height=\"150\" src=\"https:\/\/laconciergeriedecaroline.com\/wp-content\/uploads\/2022\/02\/ep3-150x150.jpg\" class=\"attachment-thumbnail size-thumbnail\" alt=\"\" \/><\/a>\n\t\t\t<\/div><\/figure><figure class='gallery-item'>\n\t\t\t<div class='gallery-icon landscape'>\n\t\t\t\t<a data-elementor-open-lightbox=\"yes\" data-elementor-lightbox-slideshow=\"7a9b195\" data-elementor-lightbox-title=\"ep4\" href='https:\/\/laconciergeriedecaroline.com\/wp-content\/uploads\/2022\/02\/ep4.jpg'><img loading=\"lazy\" decoding=\"async\" width=\"150\" height=\"150\" src=\"https:\/\/laconciergeriedecaroline.com\/wp-content\/uploads\/2022\/02\/ep4-150x150.jpg\" class=\"attachment-thumbnail size-thumbnail\" alt=\"\" \/><\/a>\n\t\t\t<\/div><\/figure><figure class='gallery-item'>\n\t\t\t<div class='gallery-icon landscape'>\n\t\t\t\t<a data-elementor-open-lightbox=\"yes\" data-elementor-lightbox-slideshow=\"7a9b195\" data-elementor-lightbox-title=\"ep5\" href='https:\/\/laconciergeriedecaroline.com\/wp-content\/uploads\/2022\/02\/ep5.jpg'><img loading=\"lazy\" decoding=\"async\" width=\"150\" height=\"150\" src=\"https:\/\/laconciergeriedecaroline.com\/wp-content\/uploads\/2022\/02\/ep5-150x150.jpg\" class=\"attachment-thumbnail size-thumbnail\" alt=\"\" \/><\/a>\n\t\t\t<\/div><\/figure><figure class='gallery-item'>\n\t\t\t<div class='gallery-icon landscape'>\n\t\t\t\t<a data-elementor-open-lightbox=\"yes\" data-elementor-lightbox-slideshow=\"7a9b195\" data-elementor-lightbox-title=\"ep6\" href='https:\/\/laconciergeriedecaroline.com\/wp-content\/uploads\/2022\/02\/ep6.jpg'><img loading=\"lazy\" decoding=\"async\" width=\"150\" height=\"150\" src=\"https:\/\/laconciergeriedecaroline.com\/wp-content\/uploads\/2022\/02\/ep6-150x150.jpg\" class=\"attachment-thumbnail size-thumbnail\" alt=\"\" \/><\/a>\n\t\t\t<\/div><\/figure><figure class='gallery-item'>\n\t\t\t<div class='gallery-icon landscape'>\n\t\t\t\t<a data-elementor-open-lightbox=\"yes\" data-elementor-lightbox-slideshow=\"7a9b195\" data-elementor-lightbox-title=\"ep7\" href='https:\/\/laconciergeriedecaroline.com\/wp-content\/uploads\/2022\/02\/ep7.jpg'><img loading=\"lazy\" decoding=\"async\" width=\"150\" height=\"150\" src=\"https:\/\/laconciergeriedecaroline.com\/wp-content\/uploads\/2022\/02\/ep7-150x150.jpg\" class=\"attachment-thumbnail size-thumbnail\" alt=\"\" \/><\/a>\n\t\t\t<\/div><\/figure><figure class='gallery-item'>\n\t\t\t<div class='gallery-icon landscape'>\n\t\t\t\t<a data-elementor-open-lightbox=\"yes\" data-elementor-lightbox-slideshow=\"7a9b195\" data-elementor-lightbox-title=\"ep8\" href='https:\/\/laconciergeriedecaroline.com\/wp-content\/uploads\/2022\/02\/ep8.jpg'><img loading=\"lazy\" decoding=\"async\" width=\"150\" height=\"150\" src=\"https:\/\/laconciergeriedecaroline.com\/wp-content\/uploads\/2022\/02\/ep8-150x150.jpg\" class=\"attachment-thumbnail size-thumbnail\" alt=\"\" \/><\/a>\n\t\t\t<\/div><\/figure><figure class='gallery-item'>\n\t\t\t<div class='gallery-icon landscape'>\n\t\t\t\t<a data-elementor-open-lightbox=\"yes\" data-elementor-lightbox-slideshow=\"7a9b195\" data-elementor-lightbox-title=\"ep9\" href='https:\/\/laconciergeriedecaroline.com\/wp-content\/uploads\/2022\/02\/ep9.jpg'><img loading=\"lazy\" decoding=\"async\" width=\"150\" height=\"150\" src=\"https:\/\/laconciergeriedecaroline.com\/wp-content\/uploads\/2022\/02\/ep9-150x150.jpg\" class=\"attachment-thumbnail size-thumbnail\" alt=\"\" \/><\/a>\n\t\t\t<\/div><\/figure><figure class='gallery-item'>\n\t\t\t<div class='gallery-icon landscape'>\n\t\t\t\t<a data-elementor-open-lightbox=\"yes\" data-elementor-lightbox-slideshow=\"7a9b195\" data-elementor-lightbox-title=\"ep10\" href='https:\/\/laconciergeriedecaroline.com\/wp-content\/uploads\/2022\/02\/ep10.jpg'><img loading=\"lazy\" decoding=\"async\" width=\"150\" height=\"150\" src=\"https:\/\/laconciergeriedecaroline.com\/wp-content\/uploads\/2022\/02\/ep10-150x150.jpg\" class=\"attachment-thumbnail size-thumbnail\" alt=\"\" \/><\/a>\n\t\t\t<\/div><\/figure><figure class='gallery-item'>\n\t\t\t<div class='gallery-icon landscape'>\n\t\t\t\t<a data-elementor-open-lightbox=\"yes\" data-elementor-lightbox-slideshow=\"7a9b195\" data-elementor-lightbox-title=\"ep11\" href='https:\/\/laconciergeriedecaroline.com\/wp-content\/uploads\/2022\/02\/ep11.jpg'><img loading=\"lazy\" decoding=\"async\" width=\"150\" height=\"150\" src=\"https:\/\/laconciergeriedecaroline.com\/wp-content\/uploads\/2022\/02\/ep11-150x150.jpg\" class=\"attachment-thumbnail size-thumbnail\" alt=\"\" \/><\/a>\n\t\t\t<\/div><\/figure><figure class='gallery-item'>\n\t\t\t<div class='gallery-icon landscape'>\n\t\t\t\t<a data-elementor-open-lightbox=\"yes\" data-elementor-lightbox-slideshow=\"7a9b195\" data-elementor-lightbox-title=\"ep12\" href='https:\/\/laconciergeriedecaroline.com\/wp-content\/uploads\/2022\/02\/ep12.jpg'><img loading=\"lazy\" decoding=\"async\" width=\"150\" height=\"150\" src=\"https:\/\/laconciergeriedecaroline.com\/wp-content\/uploads\/2022\/02\/ep12-150x150.jpg\" class=\"attachment-thumbnail size-thumbnail\" alt=\"\" \/><\/a>\n\t\t\t<\/div><\/figure><figure class='gallery-item'>\n\t\t\t<div class='gallery-icon landscape'>\n\t\t\t\t<a data-elementor-open-lightbox=\"yes\" data-elementor-lightbox-slideshow=\"7a9b195\" data-elementor-lightbox-title=\"ep13\" href='https:\/\/laconciergeriedecaroline.com\/wp-content\/uploads\/2022\/02\/ep13.jpg'><img loading=\"lazy\" decoding=\"async\" width=\"150\" height=\"150\" src=\"https:\/\/laconciergeriedecaroline.com\/wp-content\/uploads\/2022\/02\/ep13-150x150.jpg\" class=\"attachment-thumbnail size-thumbnail\" alt=\"\" \/><\/a>\n\t\t\t<\/div><\/figure><figure class='gallery-item'>\n\t\t\t<div class='gallery-icon landscape'>\n\t\t\t\t<a data-elementor-open-lightbox=\"yes\" data-elementor-lightbox-slideshow=\"7a9b195\" data-elementor-lightbox-title=\"ep14\" href='https:\/\/laconciergeriedecaroline.com\/wp-content\/uploads\/2022\/02\/ep14.jpg'><img loading=\"lazy\" decoding=\"async\" width=\"150\" height=\"150\" src=\"https:\/\/laconciergeriedecaroline.com\/wp-content\/uploads\/2022\/02\/ep14-150x150.jpg\" class=\"attachment-thumbnail size-thumbnail\" alt=\"\" \/><\/a>\n\t\t\t<\/div><\/figure><figure class='gallery-item'>\n\t\t\t<div class='gallery-icon landscape'>\n\t\t\t\t<a data-elementor-open-lightbox=\"yes\" data-elementor-lightbox-slideshow=\"7a9b195\" data-elementor-lightbox-title=\"ep15\" href='https:\/\/laconciergeriedecaroline.com\/wp-content\/uploads\/2022\/02\/ep15.jpg'><img loading=\"lazy\" decoding=\"async\" width=\"150\" height=\"150\" src=\"https:\/\/laconciergeriedecaroline.com\/wp-content\/uploads\/2022\/02\/ep15-150x150.jpg\" class=\"attachment-thumbnail size-thumbnail\" alt=\"\" \/><\/a>\n\t\t\t<\/div><\/figure><figure class='gallery-item'>\n\t\t\t<div class='gallery-icon landscape'>\n\t\t\t\t<a data-elementor-open-lightbox=\"yes\" data-elementor-lightbox-slideshow=\"7a9b195\" data-elementor-lightbox-title=\"ep16\" href='https:\/\/laconciergeriedecaroline.com\/wp-content\/uploads\/2022\/02\/ep16.jpg'><img loading=\"lazy\" decoding=\"async\" width=\"150\" height=\"150\" src=\"https:\/\/laconciergeriedecaroline.com\/wp-content\/uploads\/2022\/02\/ep16-150x150.jpg\" class=\"attachment-thumbnail size-thumbnail\" alt=\"\" \/><\/a>\n\t\t\t<\/div><\/figure><figure class='gallery-item'>\n\t\t\t<div class='gallery-icon landscape'>\n\t\t\t\t<a data-elementor-open-lightbox=\"yes\" data-elementor-lightbox-slideshow=\"7a9b195\" data-elementor-lightbox-title=\"ep17\" href='https:\/\/laconciergeriedecaroline.com\/wp-content\/uploads\/2022\/02\/ep17.jpg'><img loading=\"lazy\" decoding=\"async\" width=\"150\" height=\"150\" src=\"https:\/\/laconciergeriedecaroline.com\/wp-content\/uploads\/2022\/02\/ep17-150x150.jpg\" class=\"attachment-thumbnail size-thumbnail\" alt=\"\" \/><\/a>\n\t\t\t<\/div><\/figure><figure class='gallery-item'>\n\t\t\t<div class='gallery-icon landscape'>\n\t\t\t\t<a data-elementor-open-lightbox=\"yes\" data-elementor-lightbox-slideshow=\"7a9b195\" data-elementor-lightbox-title=\"ep18\" href='https:\/\/laconciergeriedecaroline.com\/wp-content\/uploads\/2022\/02\/ep18.jpg'><img loading=\"lazy\" decoding=\"async\" width=\"150\" height=\"150\" src=\"https:\/\/laconciergeriedecaroline.com\/wp-content\/uploads\/2022\/02\/ep18-150x150.jpg\" class=\"attachment-thumbnail size-thumbnail\" alt=\"\" \/><\/a>\n\t\t\t<\/div><\/figure><figure class='gallery-item'>\n\t\t\t<div class='gallery-icon landscape'>\n\t\t\t\t<a data-elementor-open-lightbox=\"yes\" data-elementor-lightbox-slideshow=\"7a9b195\" data-elementor-lightbox-title=\"ep19\" href='https:\/\/laconciergeriedecaroline.com\/wp-content\/uploads\/2022\/02\/ep19.jpg'><img loading=\"lazy\" decoding=\"async\" width=\"150\" height=\"150\" src=\"https:\/\/laconciergeriedecaroline.com\/wp-content\/uploads\/2022\/02\/ep19-150x150.jpg\" class=\"attachment-thumbnail size-thumbnail\" alt=\"\" \/><\/a>\n\t\t\t<\/div><\/figure><figure class='gallery-item'>\n\t\t\t<div class='gallery-icon landscape'>\n\t\t\t\t<a data-elementor-open-lightbox=\"yes\" data-elementor-lightbox-slideshow=\"7a9b195\" data-elementor-lightbox-title=\"ep20\" href='https:\/\/laconciergeriedecaroline.com\/wp-content\/uploads\/2022\/02\/ep20.jpg'><img loading=\"lazy\" decoding=\"async\" width=\"150\" height=\"150\" src=\"https:\/\/laconciergeriedecaroline.com\/wp-content\/uploads\/2022\/02\/ep20-150x150.jpg\" class=\"attachment-thumbnail size-thumbnail\" alt=\"\" \/><\/a>\n\t\t\t<\/div><\/figure>\n\t\t<\/div>\n\t\t<\/div>\n\t\t\t\t<\/div>\n\t\t\t\t<\/div>\n\t\t\t\t\t<\/div>\n\t\t<\/div>\n\t\t\t\t\t\t\t<\/div>\n\t\t<\/section>\n\t\t\t\t<section class=\"elementor-section elementor-inner-section elementor-element elementor-element-4a889a3 elementor-section-boxed elementor-section-height-default elementor-section-height-default\" data-id=\"4a889a3\" data-element_type=\"section\">\n\t\t\t\t\t\t<div class=\"elementor-container elementor-column-gap-default\">\n\t\t\t\t\t<div class=\"elementor-column elementor-col-100 elementor-inner-column elementor-element elementor-element-351a400\" data-id=\"351a400\" data-element_type=\"column\" data-settings=\"{&quot;background_background&quot;:&quot;classic&quot;}\">\n\t\t\t<div class=\"elementor-widget-wrap elementor-element-populated\">\n\t\t\t\t\t\t\t\t<div class=\"elementor-element elementor-element-e1b4193 elementor-widget elementor-widget-google_maps\" data-id=\"e1b4193\" data-element_type=\"widget\" data-widget_type=\"google_maps.default\">\n\t\t\t\t<div class=\"elementor-widget-container\">\n\t\t\t<style>\/*! elementor - v3.5.5 - 03-02-2022 *\/\n.elementor-widget-google_maps .elementor-widget-container{overflow:hidden}.elementor-widget-google_maps iframe{height:300px}<\/style>\t\t<div class=\"elementor-custom-embed\">\n\t\t\t<iframe frameborder=\"0\" scrolling=\"no\" marginheight=\"0\" marginwidth=\"0\"\n\t\t\t\t\tsrc=\"https:\/\/maps.google.com\/maps?q=Le%20Coin%20de%20Mollines&#038;t=m&#038;z=15&#038;output=embed&#038;iwloc=near\"\n\t\t\t\t\ttitle=\"Le Coin de Mollines\"\n\t\t\t\t\taria-label=\"Le Coin de Mollines\"\n\t\t\t><\/iframe>\n\t\t<\/div>\n\t\t\t\t<\/div>\n\t\t\t\t<\/div>\n\t\t\t\t\t<\/div>\n\t\t<\/div>\n\t\t\t\t\t\t\t<\/div>\n\t\t<\/section>\n\t\t\t\t\t<\/div>\n\t\t<\/div>\n\t\t\t\t<div class=\"elementor-column elementor-col-33 elementor-top-column elementor-element elementor-element-101b418\" data-id=\"101b418\" data-element_type=\"column\">\n\t\t\t<div class=\"elementor-widget-wrap elementor-element-populated\">\n\t\t\t\t\t\t\t\t<section class=\"elementor-section elementor-inner-section elementor-element elementor-element-02225fe elementor-section-boxed elementor-section-height-default elementor-section-height-default\" data-id=\"02225fe\" data-element_type=\"section\">\n\t\t\t\t\t\t<div class=\"elementor-container elementor-column-gap-default\">\n\t\t\t\t\t<div class=\"elementor-column elementor-col-100 elementor-inner-column elementor-element elementor-element-b3e20d4\" data-id=\"b3e20d4\" data-element_type=\"column\" data-settings=\"{&quot;background_background&quot;:&quot;classic&quot;}\">\n\t\t\t<div class=\"elementor-widget-wrap elementor-element-populated\">\n\t\t\t\t\t\t\t\t<div class=\"elementor-element elementor-element-83cb746 elementor-widget elementor-widget-text-editor\" data-id=\"83cb746\" data-element_type=\"widget\" data-widget_type=\"text-editor.default\">\n\t\t\t\t<div class=\"elementor-widget-container\">\n\t\t\t<style>\/*! elementor - v3.5.5 - 03-02-2022 *\/\n.elementor-widget-text-editor.elementor-drop-cap-view-stacked .elementor-drop-cap{background-color:#818a91;color:#fff}.elementor-widget-text-editor.elementor-drop-cap-view-framed .elementor-drop-cap{color:#818a91;border:3px solid;background-color:transparent}.elementor-widget-text-editor:not(.elementor-drop-cap-view-default) .elementor-drop-cap{margin-top:8px}.elementor-widget-text-editor:not(.elementor-drop-cap-view-default) .elementor-drop-cap-letter{width:1em;height:1em}.elementor-widget-text-editor .elementor-drop-cap{float:left;text-align:center;line-height:1;font-size:50px}.elementor-widget-text-editor .elementor-drop-cap-letter{display:inline-block}<\/style>\t\t\t\t<div class=\"_68a6l8\"><div class=\"_68a6l8\"><div class=\"_68a6l8\"><div class=\"_68a6l8\"><div class=\"_68a6l8\"><div class=\"_68a6l8\"><div class=\"_68a6l8\"><h6 class=\"h3\">Station jumel\u00e9e molines-St V\u00e9ran donnant aussi acc\u00e8s aux 7 stations du Queyras<\/h6><div id=\"property-description\" class=\"MoreOrLess MoreOrLess--block\"><div class=\"CollapseBase CollapseBase--expanded\"><div class=\"CollapseBase__content\"><div class=\"collapsible-content__body-text u-freetext-fix\"><p>Venez profiter de notre spacieux chalet avec jardin situ\u00e9 dans la jolie station de Molines en Queyras. Pouvant accueillir jusqu\u2019\u00e0 19 personnes, ce chalet de 210 m\u00b2 pr\u00e9sente l\u2019avantage de poss\u00e9der des salles de bain et WC privatifs dans 5 des 6 chambres, offrant ainsi une grande ind\u00e9pendance \u00e0 ses occupants.<\/p><p>Le chalet est l\u2019endroit id\u00e9al o\u00f9 se ressourcer.<\/p><p>Profitez de la vue et du grand jardin : La terrasse est \u00e9quip\u00e9e de transats pour l \u00e9t\u00e9 et vous pourrez ais\u00e9ment d\u00e9jeuner dehors. En hiver, ce terrain plat est l id\u00e9al pour faire batailles de boules et bonhommes de neige !<\/p><p>A l\u2019int\u00e9rieur, vous trouverez tout le confort n\u00e9cessaire :<\/p><p>&#8211; 5 chambres familiales avec lit double et lits simples<\/p><p>&#8211; 1 chambre d\u2019enfants avec 2 lits enfants (en lit superpos\u00e9) et un lit parapluie pour b\u00e9b\u00e9.<\/p><p>&#8211; 5 salles de bain privatives avec WC ind\u00e9pendants<\/p><p>&#8211; Salle \u00e0 manger avec 20 places assises<\/p><p>&#8211; Equipement Hi-Fi et \u00e9lectrom\u00e9nager<\/p><p>Le chalet \u00e9tant faiblement allerg\u00e8ne, les animaux n\u2019y sont pas admis.<\/p><p>Assez proche des commodit\u00e9s et des pistes de ski, le chalet constitue un excellent point de d\u00e9part pour de nombreuses activit\u00e9s sportives et culturelles.<\/p><\/div><\/div><\/div><\/div><\/div><\/div><\/div><\/div><\/div><\/div><\/div>\t\t\t\t\t\t<\/div>\n\t\t\t\t<\/div>\n\t\t\t\t\t<\/div>\n\t\t<\/div>\n\t\t\t\t\t\t\t<\/div>\n\t\t<\/section>\n\t\t\t\t\t<\/div>\n\t\t<\/div>\n\t\t\t\t\t\t\t<\/div>\n\t\t<\/section>\n\t\t\t\t\t\t<\/div>\n\t\t\t\t\t<\/div>\n\t\t","protected":false},"excerpt":{"rendered":"<p>La Maison Ephata de Henriette Station jumel\u00e9e molines-St V\u00e9ran donnant aussi acc\u00e8s aux 7 stations du Queyras Venez profiter de notre spacieux chalet avec jardin situ\u00e9 dans la jolie station de Molines en Queyras. Pouvant accueillir jusqu\u2019\u00e0 19 personnes, ce chalet de 210 m\u00b2 pr\u00e9sente l\u2019avantage de poss\u00e9der des salles de bain et WC privatifs&#8230;<\/p>\n","protected":false},"author":1,"featured_media":0,"parent":0,"menu_order":0,"comment_status":"closed","ping_status":"closed","template":"","meta":{"om_disable_all_campaigns":false,"_monsterinsights_skip_tracking":false,"_monsterinsights_sitenote_active":false,"_monsterinsights_sitenote_note":"","_monsterinsights_sitenote_category":0,"_kad_post_transparent":"default","_kad_post_title":"hide","_kad_post_layout":"fullwidth","_kad_post_sidebar_id":"","_kad_post_content_style":"unboxed","_kad_post_vertical_padding":"hide","_kad_post_feature":"hide","_kad_post_feature_position":"","_kad_post_header":false,"_kad_post_footer":false,"footnotes":""},"class_list":["post-143","page","type-page","status-publish","hentry"],"_links":{"self":[{"href":"https:\/\/laconciergeriedecaroline.com\/index.php\/wp-json\/wp\/v2\/pages\/143","targetHints":{"allow":["GET"]}}],"collection":[{"href":"https:\/\/laconciergeriedecaroline.com\/index.php\/wp-json\/wp\/v2\/pages"}],"about":[{"href":"https:\/\/laconciergeriedecaroline.com\/index.php\/wp-json\/wp\/v2\/types\/page"}],"author":[{"embeddable":true,"href":"https:\/\/laconciergeriedecaroline.com\/index.php\/wp-json\/wp\/v2\/users\/1"}],"replies":[{"embeddable":true,"href":"https:\/\/laconciergeriedecaroline.com\/index.php\/wp-json\/wp\/v2\/comments?post=143"}],"version-history":[{"count":7,"href":"https:\/\/laconciergeriedecaroline.com\/index.php\/wp-json\/wp\/v2\/pages\/143\/revisions"}],"predecessor-version":[{"id":465,"href":"https:\/\/laconciergeriedecaroline.com\/index.php\/wp-json\/wp\/v2\/pages\/143\/revisions\/465"}],"wp:attachment":[{"href":"https:\/\/laconciergeriedecaroline.com\/index.php\/wp-json\/wp\/v2\/media?parent=143"}],"curies":[{"name":"wp","href":"https:\/\/api.w.org\/{rel}","templated":true}]}}