{"id":128,"date":"2022-02-23T13:20:34","date_gmt":"2022-02-23T13:20:34","guid":{"rendered":"https:\/\/laconciergeriedecaroline.com\/?page_id=128"},"modified":"2022-02-23T13:54:00","modified_gmt":"2022-02-23T13:54:00","slug":"lappartement-de-martine","status":"publish","type":"page","link":"https:\/\/laconciergeriedecaroline.com\/index.php\/lappartement-de-martine\/","title":{"rendered":"L&#8217;Appartement de Martine"},"content":{"rendered":"\t\t<div data-elementor-type=\"wp-page\" data-elementor-id=\"128\" class=\"elementor elementor-128\" data-elementor-settings=\"[]\">\n\t\t\t\t\t\t\t<div class=\"elementor-section-wrap\">\n\t\t\t\t\t\t\t<section class=\"elementor-section elementor-top-section elementor-element elementor-element-8894c75 elementor-section-boxed elementor-section-height-default elementor-section-height-default\" data-id=\"8894c75\" data-element_type=\"section\" data-settings=\"{&quot;background_background&quot;:&quot;classic&quot;}\">\n\t\t\t\t\t\t\t<div class=\"elementor-background-overlay\"><\/div>\n\t\t\t\t\t\t\t<div class=\"elementor-container elementor-column-gap-default\">\n\t\t\t\t\t<div class=\"elementor-column elementor-col-100 elementor-top-column elementor-element elementor-element-85797ce\" data-id=\"85797ce\" data-element_type=\"column\">\n\t\t\t<div class=\"elementor-widget-wrap elementor-element-populated\">\n\t\t\t\t\t\t\t\t<div class=\"elementor-element elementor-element-2c64504 elementor-invisible elementor-widget elementor-widget-heading\" data-id=\"2c64504\" data-element_type=\"widget\" data-settings=\"{&quot;_animation&quot;:&quot;slideInDown&quot;}\" data-widget_type=\"heading.default\">\n\t\t\t\t<div class=\"elementor-widget-container\">\n\t\t\t<style>\/*! elementor - v3.5.5 - 03-02-2022 *\/\n.elementor-heading-title{padding:0;margin:0;line-height:1}.elementor-widget-heading .elementor-heading-title[class*=elementor-size-]>a{color:inherit;font-size:inherit;line-height:inherit}.elementor-widget-heading .elementor-heading-title.elementor-size-small{font-size:15px}.elementor-widget-heading .elementor-heading-title.elementor-size-medium{font-size:19px}.elementor-widget-heading .elementor-heading-title.elementor-size-large{font-size:29px}.elementor-widget-heading .elementor-heading-title.elementor-size-xl{font-size:39px}.elementor-widget-heading .elementor-heading-title.elementor-size-xxl{font-size:59px}<\/style><h1 class=\"elementor-heading-title elementor-size-default\">L'Appartement de Martine<\/h1>\t\t<\/div>\n\t\t\t\t<\/div>\n\t\t\t\t\t<\/div>\n\t\t<\/div>\n\t\t\t\t\t\t\t<\/div>\n\t\t<\/section>\n\t\t\t\t<section class=\"elementor-section elementor-top-section elementor-element elementor-element-6095dcc elementor-section-boxed elementor-section-height-default elementor-section-height-default\" data-id=\"6095dcc\" data-element_type=\"section\" data-settings=\"{&quot;background_background&quot;:&quot;classic&quot;}\">\n\t\t\t\t\t\t<div class=\"elementor-container elementor-column-gap-default\">\n\t\t\t\t\t<div class=\"elementor-column elementor-col-66 elementor-top-column elementor-element elementor-element-90565db\" data-id=\"90565db\" data-element_type=\"column\">\n\t\t\t<div class=\"elementor-widget-wrap elementor-element-populated\">\n\t\t\t\t\t\t\t\t<section class=\"elementor-section elementor-inner-section elementor-element elementor-element-cfcfd67 elementor-section-boxed elementor-section-height-default elementor-section-height-default\" data-id=\"cfcfd67\" data-element_type=\"section\">\n\t\t\t\t\t\t<div class=\"elementor-container elementor-column-gap-default\">\n\t\t\t\t\t<div class=\"elementor-column elementor-col-100 elementor-inner-column elementor-element elementor-element-8271ffb\" data-id=\"8271ffb\" data-element_type=\"column\" data-settings=\"{&quot;background_background&quot;:&quot;classic&quot;}\">\n\t\t\t<div class=\"elementor-widget-wrap elementor-element-populated\">\n\t\t\t\t\t\t\t\t<div class=\"elementor-element elementor-element-027d0a9 elementor-widget elementor-widget-image-gallery\" data-id=\"027d0a9\" data-element_type=\"widget\" data-widget_type=\"image-gallery.default\">\n\t\t\t\t<div class=\"elementor-widget-container\">\n\t\t\t<style>\/*! elementor - v3.5.5 - 03-02-2022 *\/\n.elementor-image-gallery .gallery-item{display:inline-block;text-align:center;vertical-align:top;width:100%;max-width:100%;margin:0 auto}.elementor-image-gallery .gallery-item img{margin:0 auto}.elementor-image-gallery .gallery-item .gallery-caption{margin:0}.elementor-image-gallery figure img{display:block}.elementor-image-gallery figure figcaption{width:100%}.gallery-spacing-custom .elementor-image-gallery .gallery-icon{padding:0}@media (min-width:768px){.elementor-image-gallery .gallery-columns-2 .gallery-item{max-width:50%}.elementor-image-gallery .gallery-columns-3 .gallery-item{max-width:33.33%}.elementor-image-gallery .gallery-columns-4 .gallery-item{max-width:25%}.elementor-image-gallery .gallery-columns-5 .gallery-item{max-width:20%}.elementor-image-gallery .gallery-columns-6 .gallery-item{max-width:16.666%}.elementor-image-gallery .gallery-columns-7 .gallery-item{max-width:14.28%}.elementor-image-gallery .gallery-columns-8 .gallery-item{max-width:12.5%}.elementor-image-gallery .gallery-columns-9 .gallery-item{max-width:11.11%}.elementor-image-gallery .gallery-columns-10 .gallery-item{max-width:10%}}@media (min-width:480px) and (max-width:767px){.elementor-image-gallery .gallery.gallery-columns-2 .gallery-item,.elementor-image-gallery .gallery.gallery-columns-3 .gallery-item,.elementor-image-gallery .gallery.gallery-columns-4 .gallery-item,.elementor-image-gallery .gallery.gallery-columns-5 .gallery-item,.elementor-image-gallery .gallery.gallery-columns-6 .gallery-item,.elementor-image-gallery .gallery.gallery-columns-7 .gallery-item,.elementor-image-gallery .gallery.gallery-columns-8 .gallery-item,.elementor-image-gallery .gallery.gallery-columns-9 .gallery-item,.elementor-image-gallery .gallery.gallery-columns-10 .gallery-item{max-width:50%}}@media (max-width:479px){.elementor-image-gallery .gallery.gallery-columns-2 .gallery-item,.elementor-image-gallery .gallery.gallery-columns-3 .gallery-item,.elementor-image-gallery .gallery.gallery-columns-4 .gallery-item,.elementor-image-gallery .gallery.gallery-columns-5 .gallery-item,.elementor-image-gallery .gallery.gallery-columns-6 .gallery-item,.elementor-image-gallery .gallery.gallery-columns-7 .gallery-item,.elementor-image-gallery .gallery.gallery-columns-8 .gallery-item,.elementor-image-gallery .gallery.gallery-columns-9 .gallery-item,.elementor-image-gallery .gallery.gallery-columns-10 .gallery-item{max-width:100%}}<\/style>\t\t<div class=\"elementor-image-gallery\">\n\t\t\t<div id='gallery-1' class='gallery galleryid-128 gallery-columns-4 gallery-size-thumbnail'><figure class='gallery-item'>\n\t\t\t<div class='gallery-icon landscape'>\n\t\t\t\t<a data-elementor-open-lightbox=\"yes\" data-elementor-lightbox-slideshow=\"027d0a9\" data-elementor-lightbox-title=\"am\" href='https:\/\/laconciergeriedecaroline.com\/wp-content\/uploads\/2022\/02\/am.jpg'><img loading=\"lazy\" decoding=\"async\" width=\"150\" height=\"150\" src=\"https:\/\/laconciergeriedecaroline.com\/wp-content\/uploads\/2022\/02\/am-150x150.jpg\" class=\"attachment-thumbnail size-thumbnail\" alt=\"\" \/><\/a>\n\t\t\t<\/div><\/figure><figure class='gallery-item'>\n\t\t\t<div class='gallery-icon landscape'>\n\t\t\t\t<a data-elementor-open-lightbox=\"yes\" data-elementor-lightbox-slideshow=\"027d0a9\" data-elementor-lightbox-title=\"am1\" href='https:\/\/laconciergeriedecaroline.com\/wp-content\/uploads\/2022\/02\/am1.jpg'><img loading=\"lazy\" decoding=\"async\" width=\"150\" height=\"150\" src=\"https:\/\/laconciergeriedecaroline.com\/wp-content\/uploads\/2022\/02\/am1-150x150.jpg\" class=\"attachment-thumbnail size-thumbnail\" alt=\"\" \/><\/a>\n\t\t\t<\/div><\/figure><figure class='gallery-item'>\n\t\t\t<div class='gallery-icon landscape'>\n\t\t\t\t<a data-elementor-open-lightbox=\"yes\" data-elementor-lightbox-slideshow=\"027d0a9\" data-elementor-lightbox-title=\"am2\" href='https:\/\/laconciergeriedecaroline.com\/wp-content\/uploads\/2022\/02\/am2.jpg'><img loading=\"lazy\" decoding=\"async\" width=\"150\" height=\"150\" src=\"https:\/\/laconciergeriedecaroline.com\/wp-content\/uploads\/2022\/02\/am2-150x150.jpg\" class=\"attachment-thumbnail size-thumbnail\" alt=\"\" \/><\/a>\n\t\t\t<\/div><\/figure><figure class='gallery-item'>\n\t\t\t<div class='gallery-icon landscape'>\n\t\t\t\t<a data-elementor-open-lightbox=\"yes\" data-elementor-lightbox-slideshow=\"027d0a9\" data-elementor-lightbox-title=\"am3\" href='https:\/\/laconciergeriedecaroline.com\/wp-content\/uploads\/2022\/02\/am3.jpg'><img loading=\"lazy\" decoding=\"async\" width=\"150\" height=\"150\" src=\"https:\/\/laconciergeriedecaroline.com\/wp-content\/uploads\/2022\/02\/am3-150x150.jpg\" class=\"attachment-thumbnail size-thumbnail\" alt=\"\" \/><\/a>\n\t\t\t<\/div><\/figure><figure class='gallery-item'>\n\t\t\t<div class='gallery-icon landscape'>\n\t\t\t\t<a data-elementor-open-lightbox=\"yes\" data-elementor-lightbox-slideshow=\"027d0a9\" data-elementor-lightbox-title=\"am4\" href='https:\/\/laconciergeriedecaroline.com\/wp-content\/uploads\/2022\/02\/am4.jpg'><img loading=\"lazy\" decoding=\"async\" width=\"150\" height=\"150\" src=\"https:\/\/laconciergeriedecaroline.com\/wp-content\/uploads\/2022\/02\/am4-150x150.jpg\" class=\"attachment-thumbnail size-thumbnail\" alt=\"\" \/><\/a>\n\t\t\t<\/div><\/figure><figure class='gallery-item'>\n\t\t\t<div class='gallery-icon landscape'>\n\t\t\t\t<a data-elementor-open-lightbox=\"yes\" data-elementor-lightbox-slideshow=\"027d0a9\" data-elementor-lightbox-title=\"am5\" href='https:\/\/laconciergeriedecaroline.com\/wp-content\/uploads\/2022\/02\/am5.jpg'><img loading=\"lazy\" decoding=\"async\" width=\"150\" height=\"150\" src=\"https:\/\/laconciergeriedecaroline.com\/wp-content\/uploads\/2022\/02\/am5-150x150.jpg\" class=\"attachment-thumbnail size-thumbnail\" alt=\"\" \/><\/a>\n\t\t\t<\/div><\/figure><figure class='gallery-item'>\n\t\t\t<div class='gallery-icon landscape'>\n\t\t\t\t<a data-elementor-open-lightbox=\"yes\" data-elementor-lightbox-slideshow=\"027d0a9\" data-elementor-lightbox-title=\"am6\" href='https:\/\/laconciergeriedecaroline.com\/wp-content\/uploads\/2022\/02\/am6.jpg'><img loading=\"lazy\" decoding=\"async\" width=\"150\" height=\"150\" src=\"https:\/\/laconciergeriedecaroline.com\/wp-content\/uploads\/2022\/02\/am6-150x150.jpg\" class=\"attachment-thumbnail size-thumbnail\" alt=\"\" \/><\/a>\n\t\t\t<\/div><\/figure><figure class='gallery-item'>\n\t\t\t<div class='gallery-icon landscape'>\n\t\t\t\t<a data-elementor-open-lightbox=\"yes\" data-elementor-lightbox-slideshow=\"027d0a9\" data-elementor-lightbox-title=\"am7\" href='https:\/\/laconciergeriedecaroline.com\/wp-content\/uploads\/2022\/02\/am7.jpg'><img loading=\"lazy\" decoding=\"async\" width=\"150\" height=\"150\" src=\"https:\/\/laconciergeriedecaroline.com\/wp-content\/uploads\/2022\/02\/am7-150x150.jpg\" class=\"attachment-thumbnail size-thumbnail\" alt=\"\" \/><\/a>\n\t\t\t<\/div><\/figure><figure class='gallery-item'>\n\t\t\t<div class='gallery-icon landscape'>\n\t\t\t\t<a data-elementor-open-lightbox=\"yes\" data-elementor-lightbox-slideshow=\"027d0a9\" data-elementor-lightbox-title=\"am8\" href='https:\/\/laconciergeriedecaroline.com\/wp-content\/uploads\/2022\/02\/am8.jpg'><img loading=\"lazy\" decoding=\"async\" width=\"150\" height=\"150\" src=\"https:\/\/laconciergeriedecaroline.com\/wp-content\/uploads\/2022\/02\/am8-150x150.jpg\" class=\"attachment-thumbnail size-thumbnail\" alt=\"\" \/><\/a>\n\t\t\t<\/div><\/figure><figure class='gallery-item'>\n\t\t\t<div class='gallery-icon landscape'>\n\t\t\t\t<a data-elementor-open-lightbox=\"yes\" data-elementor-lightbox-slideshow=\"027d0a9\" data-elementor-lightbox-title=\"am9\" href='https:\/\/laconciergeriedecaroline.com\/wp-content\/uploads\/2022\/02\/am9.jpg'><img loading=\"lazy\" decoding=\"async\" width=\"150\" height=\"150\" src=\"https:\/\/laconciergeriedecaroline.com\/wp-content\/uploads\/2022\/02\/am9-150x150.jpg\" class=\"attachment-thumbnail size-thumbnail\" alt=\"\" \/><\/a>\n\t\t\t<\/div><\/figure><figure class='gallery-item'>\n\t\t\t<div class='gallery-icon landscape'>\n\t\t\t\t<a data-elementor-open-lightbox=\"yes\" data-elementor-lightbox-slideshow=\"027d0a9\" data-elementor-lightbox-title=\"am10\" href='https:\/\/laconciergeriedecaroline.com\/wp-content\/uploads\/2022\/02\/am10.jpg'><img loading=\"lazy\" decoding=\"async\" width=\"150\" height=\"150\" src=\"https:\/\/laconciergeriedecaroline.com\/wp-content\/uploads\/2022\/02\/am10-150x150.jpg\" class=\"attachment-thumbnail size-thumbnail\" alt=\"\" \/><\/a>\n\t\t\t<\/div><\/figure><figure class='gallery-item'>\n\t\t\t<div class='gallery-icon landscape'>\n\t\t\t\t<a data-elementor-open-lightbox=\"yes\" data-elementor-lightbox-slideshow=\"027d0a9\" data-elementor-lightbox-title=\"am11\" href='https:\/\/laconciergeriedecaroline.com\/wp-content\/uploads\/2022\/02\/am11.jpg'><img loading=\"lazy\" decoding=\"async\" width=\"150\" height=\"150\" src=\"https:\/\/laconciergeriedecaroline.com\/wp-content\/uploads\/2022\/02\/am11-150x150.jpg\" class=\"attachment-thumbnail size-thumbnail\" alt=\"\" \/><\/a>\n\t\t\t<\/div><\/figure><figure class='gallery-item'>\n\t\t\t<div class='gallery-icon portrait'>\n\t\t\t\t<a data-elementor-open-lightbox=\"yes\" data-elementor-lightbox-slideshow=\"027d0a9\" data-elementor-lightbox-title=\"am12\" href='https:\/\/laconciergeriedecaroline.com\/wp-content\/uploads\/2022\/02\/am12.jpg'><img loading=\"lazy\" decoding=\"async\" width=\"150\" height=\"150\" src=\"https:\/\/laconciergeriedecaroline.com\/wp-content\/uploads\/2022\/02\/am12-150x150.jpg\" class=\"attachment-thumbnail size-thumbnail\" alt=\"\" \/><\/a>\n\t\t\t<\/div><\/figure><figure class='gallery-item'>\n\t\t\t<div class='gallery-icon landscape'>\n\t\t\t\t<a data-elementor-open-lightbox=\"yes\" data-elementor-lightbox-slideshow=\"027d0a9\" data-elementor-lightbox-title=\"am13\" href='https:\/\/laconciergeriedecaroline.com\/wp-content\/uploads\/2022\/02\/am13.jpg'><img loading=\"lazy\" decoding=\"async\" width=\"150\" height=\"150\" src=\"https:\/\/laconciergeriedecaroline.com\/wp-content\/uploads\/2022\/02\/am13-150x150.jpg\" class=\"attachment-thumbnail size-thumbnail\" alt=\"\" \/><\/a>\n\t\t\t<\/div><\/figure><figure class='gallery-item'>\n\t\t\t<div class='gallery-icon landscape'>\n\t\t\t\t<a data-elementor-open-lightbox=\"yes\" data-elementor-lightbox-slideshow=\"027d0a9\" data-elementor-lightbox-title=\"am14\" href='https:\/\/laconciergeriedecaroline.com\/wp-content\/uploads\/2022\/02\/am14.jpg'><img loading=\"lazy\" decoding=\"async\" width=\"150\" height=\"150\" src=\"https:\/\/laconciergeriedecaroline.com\/wp-content\/uploads\/2022\/02\/am14-150x150.jpg\" class=\"attachment-thumbnail size-thumbnail\" alt=\"\" \/><\/a>\n\t\t\t<\/div><\/figure><figure class='gallery-item'>\n\t\t\t<div class='gallery-icon landscape'>\n\t\t\t\t<a data-elementor-open-lightbox=\"yes\" data-elementor-lightbox-slideshow=\"027d0a9\" data-elementor-lightbox-title=\"am15\" href='https:\/\/laconciergeriedecaroline.com\/wp-content\/uploads\/2022\/02\/am15.jpg'><img loading=\"lazy\" decoding=\"async\" width=\"150\" height=\"150\" src=\"https:\/\/laconciergeriedecaroline.com\/wp-content\/uploads\/2022\/02\/am15-150x150.jpg\" class=\"attachment-thumbnail size-thumbnail\" alt=\"\" \/><\/a>\n\t\t\t<\/div><\/figure><figure class='gallery-item'>\n\t\t\t<div class='gallery-icon landscape'>\n\t\t\t\t<a data-elementor-open-lightbox=\"yes\" data-elementor-lightbox-slideshow=\"027d0a9\" data-elementor-lightbox-title=\"am16\" href='https:\/\/laconciergeriedecaroline.com\/wp-content\/uploads\/2022\/02\/am16.jpg'><img loading=\"lazy\" decoding=\"async\" width=\"150\" height=\"150\" src=\"https:\/\/laconciergeriedecaroline.com\/wp-content\/uploads\/2022\/02\/am16-150x150.jpg\" class=\"attachment-thumbnail size-thumbnail\" alt=\"\" \/><\/a>\n\t\t\t<\/div><\/figure><figure class='gallery-item'>\n\t\t\t<div class='gallery-icon landscape'>\n\t\t\t\t<a data-elementor-open-lightbox=\"yes\" data-elementor-lightbox-slideshow=\"027d0a9\" data-elementor-lightbox-title=\"am17\" href='https:\/\/laconciergeriedecaroline.com\/wp-content\/uploads\/2022\/02\/am17.jpg'><img loading=\"lazy\" decoding=\"async\" width=\"150\" height=\"150\" src=\"https:\/\/laconciergeriedecaroline.com\/wp-content\/uploads\/2022\/02\/am17-150x150.jpg\" class=\"attachment-thumbnail size-thumbnail\" alt=\"\" \/><\/a>\n\t\t\t<\/div><\/figure><figure class='gallery-item'>\n\t\t\t<div class='gallery-icon landscape'>\n\t\t\t\t<a data-elementor-open-lightbox=\"yes\" data-elementor-lightbox-slideshow=\"027d0a9\" data-elementor-lightbox-title=\"am18\" href='https:\/\/laconciergeriedecaroline.com\/wp-content\/uploads\/2022\/02\/am18.jpg'><img loading=\"lazy\" decoding=\"async\" width=\"150\" height=\"150\" src=\"https:\/\/laconciergeriedecaroline.com\/wp-content\/uploads\/2022\/02\/am18-150x150.jpg\" class=\"attachment-thumbnail size-thumbnail\" alt=\"\" \/><\/a>\n\t\t\t<\/div><\/figure>\n\t\t<\/div>\n\t\t<\/div>\n\t\t\t\t<\/div>\n\t\t\t\t<\/div>\n\t\t\t\t\t<\/div>\n\t\t<\/div>\n\t\t\t\t\t\t\t<\/div>\n\t\t<\/section>\n\t\t\t\t<section class=\"elementor-section elementor-inner-section elementor-element elementor-element-fac642f elementor-section-boxed elementor-section-height-default elementor-section-height-default\" data-id=\"fac642f\" data-element_type=\"section\">\n\t\t\t\t\t\t<div class=\"elementor-container elementor-column-gap-default\">\n\t\t\t\t\t<div class=\"elementor-column elementor-col-100 elementor-inner-column elementor-element elementor-element-cd198c6\" data-id=\"cd198c6\" data-element_type=\"column\" data-settings=\"{&quot;background_background&quot;:&quot;classic&quot;}\">\n\t\t\t<div class=\"elementor-widget-wrap elementor-element-populated\">\n\t\t\t\t\t\t\t\t<div class=\"elementor-element elementor-element-c563fbe elementor-widget elementor-widget-google_maps\" data-id=\"c563fbe\" data-element_type=\"widget\" data-widget_type=\"google_maps.default\">\n\t\t\t\t<div class=\"elementor-widget-container\">\n\t\t\t<style>\/*! elementor - v3.5.5 - 03-02-2022 *\/\n.elementor-widget-google_maps .elementor-widget-container{overflow:hidden}.elementor-widget-google_maps iframe{height:300px}<\/style>\t\t<div class=\"elementor-custom-embed\">\n\t\t\t<iframe frameborder=\"0\" scrolling=\"no\" marginheight=\"0\" marginwidth=\"0\"\n\t\t\t\t\tsrc=\"https:\/\/maps.google.com\/maps?q=Mollines&#038;t=m&#038;z=15&#038;output=embed&#038;iwloc=near\"\n\t\t\t\t\ttitle=\"Mollines\"\n\t\t\t\t\taria-label=\"Mollines\"\n\t\t\t><\/iframe>\n\t\t<\/div>\n\t\t\t\t<\/div>\n\t\t\t\t<\/div>\n\t\t\t\t\t<\/div>\n\t\t<\/div>\n\t\t\t\t\t\t\t<\/div>\n\t\t<\/section>\n\t\t\t\t\t<\/div>\n\t\t<\/div>\n\t\t\t\t<div class=\"elementor-column elementor-col-33 elementor-top-column elementor-element elementor-element-5e3d3aa\" data-id=\"5e3d3aa\" data-element_type=\"column\">\n\t\t\t<div class=\"elementor-widget-wrap elementor-element-populated\">\n\t\t\t\t\t\t\t\t<section class=\"elementor-section elementor-inner-section elementor-element elementor-element-aa1df06 elementor-section-boxed elementor-section-height-default elementor-section-height-default\" data-id=\"aa1df06\" data-element_type=\"section\">\n\t\t\t\t\t\t<div class=\"elementor-container elementor-column-gap-default\">\n\t\t\t\t\t<div class=\"elementor-column elementor-col-100 elementor-inner-column elementor-element elementor-element-cc3b067\" data-id=\"cc3b067\" data-element_type=\"column\" data-settings=\"{&quot;background_background&quot;:&quot;classic&quot;}\">\n\t\t\t<div class=\"elementor-widget-wrap elementor-element-populated\">\n\t\t\t\t\t\t\t\t<div class=\"elementor-element elementor-element-c85e635 elementor-widget elementor-widget-text-editor\" data-id=\"c85e635\" data-element_type=\"widget\" data-widget_type=\"text-editor.default\">\n\t\t\t\t<div class=\"elementor-widget-container\">\n\t\t\t<style>\/*! elementor - v3.5.5 - 03-02-2022 *\/\n.elementor-widget-text-editor.elementor-drop-cap-view-stacked .elementor-drop-cap{background-color:#818a91;color:#fff}.elementor-widget-text-editor.elementor-drop-cap-view-framed .elementor-drop-cap{color:#818a91;border:3px solid;background-color:transparent}.elementor-widget-text-editor:not(.elementor-drop-cap-view-default) .elementor-drop-cap{margin-top:8px}.elementor-widget-text-editor:not(.elementor-drop-cap-view-default) .elementor-drop-cap-letter{width:1em;height:1em}.elementor-widget-text-editor .elementor-drop-cap{float:left;text-align:center;line-height:1;font-size:50px}.elementor-widget-text-editor .elementor-drop-cap-letter{display:inline-block}<\/style>\t\t\t\t<div class=\"_68a6l8\"><div class=\"_68a6l8\"><div class=\"_68a6l8\"><div class=\"_68a6l8\"><h6 class=\"_14i3z6h\" tabindex=\"-1\">\u00c0 propos de ce logement<\/h6><\/div><div class=\"_178zopn\"><div>Au coeur du village de Molines, ancienne batisse r\u00e9nov\u00e9e comportant 5 gites ruraux. Gite situ\u00e9 au 2\u00e8me \u00e9tage.. Balcon. Grande terrasse plein sud \u00e0 disposition et parking communs.<br \/>&#8211; Draps non inclus.<\/div><\/div><div class=\"_178zopn\"><div><div class=\"_pgfqnw\"><h6 class=\"_14i3z6h\" tabindex=\"-1\">Le logement<\/h6><\/div>*Le m\u00e9nage n&#8217;est pas inclus mais il est possible de rajouter la prestation pour 120\u20ac<br \/>*Si vous d\u00e9cidez de faire le m\u00e9nage vous-m\u00eame, un ch\u00e8que de caution de 120\u20ac sera demand\u00e9 lors de votre arriv\u00e9e et rendu en fin de s\u00e9jour si le m\u00e9nage est correctement fait.<br \/><br \/>*Le linge n&#8217;est pas inclus mais il est possible de le louer (\u00e0 l&#8217;avance) :<br \/>&#8211; pour 2 personnes : Draps, grandes et petites serviettes 21\u20ac (27\u20ac lit fait)<br \/>&#8211; pour 1 personne : Draps, grande et petite serviette 15\u20ac (19\u20ac lit fait)<br \/><br \/>PAS DE WIFI<\/div><\/div><div class=\"_178zopn\"><div><div class=\"_pgfqnw\"><h6 class=\"_14i3z6h\" tabindex=\"-1\">Acc\u00e8s des voyageurs<\/h6><\/div>Les voyageurs profitent de cet appartement de 100m2 enti\u00e8rement ainsi que de son balcon.<br \/>Les voyageurs ont \u00e9galement acc\u00e8s \u00e0 un jardin commun.<\/div><\/div><div class=\"_178zopn\"><div><div class=\"_pgfqnw\"><h6 class=\"_14i3z6h\" tabindex=\"-1\">Autres remarques<\/h6><\/div>!!! ATTENTION DIESEL !!!<br \/>Ajouter de l&#8217;antigel OU faire le plein en station.<\/div><\/div><\/div><\/div><\/div>\t\t\t\t\t\t<\/div>\n\t\t\t\t<\/div>\n\t\t\t\t\t<\/div>\n\t\t<\/div>\n\t\t\t\t\t\t\t<\/div>\n\t\t<\/section>\n\t\t\t\t\t<\/div>\n\t\t<\/div>\n\t\t\t\t\t\t\t<\/div>\n\t\t<\/section>\n\t\t\t\t\t\t<\/div>\n\t\t\t\t\t<\/div>\n\t\t","protected":false},"excerpt":{"rendered":"<p>L&#8217;Appartement de Martine \u00c0 propos de ce logement Au coeur du village de Molines, ancienne batisse r\u00e9nov\u00e9e comportant 5 gites ruraux. Gite situ\u00e9 au 2\u00e8me \u00e9tage.. Balcon. Grande terrasse plein sud \u00e0 disposition et parking communs.&#8211; Draps non inclus. Le logement *Le m\u00e9nage n&#8217;est pas inclus mais il est possible de rajouter la prestation pour&#8230;<\/p>\n","protected":false},"author":1,"featured_media":0,"parent":0,"menu_order":0,"comment_status":"closed","ping_status":"closed","template":"","meta":{"om_disable_all_campaigns":false,"_monsterinsights_skip_tracking":false,"_monsterinsights_sitenote_active":false,"_monsterinsights_sitenote_note":"","_monsterinsights_sitenote_category":0,"_kad_post_transparent":"default","_kad_post_title":"hide","_kad_post_layout":"fullwidth","_kad_post_sidebar_id":"","_kad_post_content_style":"unboxed","_kad_post_vertical_padding":"hide","_kad_post_feature":"hide","_kad_post_feature_position":"","_kad_post_header":false,"_kad_post_footer":false,"footnotes":""},"class_list":["post-128","page","type-page","status-publish","hentry"],"_links":{"self":[{"href":"https:\/\/laconciergeriedecaroline.com\/index.php\/wp-json\/wp\/v2\/pages\/128","targetHints":{"allow":["GET"]}}],"collection":[{"href":"https:\/\/laconciergeriedecaroline.com\/index.php\/wp-json\/wp\/v2\/pages"}],"about":[{"href":"https:\/\/laconciergeriedecaroline.com\/index.php\/wp-json\/wp\/v2\/types\/page"}],"author":[{"embeddable":true,"href":"https:\/\/laconciergeriedecaroline.com\/index.php\/wp-json\/wp\/v2\/users\/1"}],"replies":[{"embeddable":true,"href":"https:\/\/laconciergeriedecaroline.com\/index.php\/wp-json\/wp\/v2\/comments?post=128"}],"version-history":[{"count":10,"href":"https:\/\/laconciergeriedecaroline.com\/index.php\/wp-json\/wp\/v2\/pages\/128\/revisions"}],"predecessor-version":[{"id":277,"href":"https:\/\/laconciergeriedecaroline.com\/index.php\/wp-json\/wp\/v2\/pages\/128\/revisions\/277"}],"wp:attachment":[{"href":"https:\/\/laconciergeriedecaroline.com\/index.php\/wp-json\/wp\/v2\/media?parent=128"}],"curies":[{"name":"wp","href":"https:\/\/api.w.org\/{rel}","templated":true}]}}