{"id":112,"date":"2022-02-23T13:18:03","date_gmt":"2022-02-23T13:18:03","guid":{"rendered":"https:\/\/laconciergeriedecaroline.com\/?page_id=112"},"modified":"2022-02-23T15:38:48","modified_gmt":"2022-02-23T15:38:48","slug":"le-chalet-de-michael","status":"publish","type":"page","link":"https:\/\/laconciergeriedecaroline.com\/index.php\/le-chalet-de-michael\/","title":{"rendered":"Le Chalet de Michael"},"content":{"rendered":"\t\t<div data-elementor-type=\"wp-page\" data-elementor-id=\"112\" class=\"elementor elementor-112\" data-elementor-settings=\"[]\">\n\t\t\t\t\t\t\t<div class=\"elementor-section-wrap\">\n\t\t\t\t\t\t\t<section class=\"elementor-section elementor-top-section elementor-element elementor-element-c41c214 elementor-section-boxed elementor-section-height-default elementor-section-height-default\" data-id=\"c41c214\" data-element_type=\"section\" data-settings=\"{&quot;background_background&quot;:&quot;classic&quot;}\">\n\t\t\t\t\t\t\t<div class=\"elementor-background-overlay\"><\/div>\n\t\t\t\t\t\t\t<div class=\"elementor-container elementor-column-gap-default\">\n\t\t\t\t\t<div class=\"elementor-column elementor-col-100 elementor-top-column elementor-element elementor-element-824ab4c\" data-id=\"824ab4c\" data-element_type=\"column\">\n\t\t\t<div class=\"elementor-widget-wrap elementor-element-populated\">\n\t\t\t\t\t\t\t\t<div class=\"elementor-element elementor-element-90babda elementor-invisible elementor-widget elementor-widget-heading\" data-id=\"90babda\" data-element_type=\"widget\" data-settings=\"{&quot;_animation&quot;:&quot;slideInDown&quot;}\" data-widget_type=\"heading.default\">\n\t\t\t\t<div class=\"elementor-widget-container\">\n\t\t\t<style>\/*! elementor - v3.5.5 - 03-02-2022 *\/\n.elementor-heading-title{padding:0;margin:0;line-height:1}.elementor-widget-heading .elementor-heading-title[class*=elementor-size-]>a{color:inherit;font-size:inherit;line-height:inherit}.elementor-widget-heading .elementor-heading-title.elementor-size-small{font-size:15px}.elementor-widget-heading .elementor-heading-title.elementor-size-medium{font-size:19px}.elementor-widget-heading .elementor-heading-title.elementor-size-large{font-size:29px}.elementor-widget-heading .elementor-heading-title.elementor-size-xl{font-size:39px}.elementor-widget-heading .elementor-heading-title.elementor-size-xxl{font-size:59px}<\/style><h1 class=\"elementor-heading-title elementor-size-default\">Le Chalet de Michael<\/h1>\t\t<\/div>\n\t\t\t\t<\/div>\n\t\t\t\t\t<\/div>\n\t\t<\/div>\n\t\t\t\t\t\t\t<\/div>\n\t\t<\/section>\n\t\t\t\t<section class=\"elementor-section elementor-top-section elementor-element elementor-element-555a2f4 elementor-section-boxed elementor-section-height-default elementor-section-height-default\" data-id=\"555a2f4\" data-element_type=\"section\" data-settings=\"{&quot;background_background&quot;:&quot;classic&quot;}\">\n\t\t\t\t\t\t<div class=\"elementor-container elementor-column-gap-default\">\n\t\t\t\t\t<div class=\"elementor-column elementor-col-66 elementor-top-column elementor-element elementor-element-b1e1630\" data-id=\"b1e1630\" data-element_type=\"column\">\n\t\t\t<div class=\"elementor-widget-wrap elementor-element-populated\">\n\t\t\t\t\t\t\t\t<section class=\"elementor-section elementor-inner-section elementor-element elementor-element-8fb4a2d elementor-section-boxed elementor-section-height-default elementor-section-height-default\" data-id=\"8fb4a2d\" data-element_type=\"section\">\n\t\t\t\t\t\t<div class=\"elementor-container elementor-column-gap-default\">\n\t\t\t\t\t<div class=\"elementor-column elementor-col-100 elementor-inner-column elementor-element elementor-element-c85197e\" data-id=\"c85197e\" data-element_type=\"column\" data-settings=\"{&quot;background_background&quot;:&quot;classic&quot;}\">\n\t\t\t<div class=\"elementor-widget-wrap elementor-element-populated\">\n\t\t\t\t\t\t\t\t<div class=\"elementor-element elementor-element-fe164f7 elementor-widget elementor-widget-image-gallery\" data-id=\"fe164f7\" data-element_type=\"widget\" data-widget_type=\"image-gallery.default\">\n\t\t\t\t<div class=\"elementor-widget-container\">\n\t\t\t<style>\/*! elementor - v3.5.5 - 03-02-2022 *\/\n.elementor-image-gallery .gallery-item{display:inline-block;text-align:center;vertical-align:top;width:100%;max-width:100%;margin:0 auto}.elementor-image-gallery .gallery-item img{margin:0 auto}.elementor-image-gallery .gallery-item .gallery-caption{margin:0}.elementor-image-gallery figure img{display:block}.elementor-image-gallery figure figcaption{width:100%}.gallery-spacing-custom .elementor-image-gallery .gallery-icon{padding:0}@media (min-width:768px){.elementor-image-gallery .gallery-columns-2 .gallery-item{max-width:50%}.elementor-image-gallery .gallery-columns-3 .gallery-item{max-width:33.33%}.elementor-image-gallery .gallery-columns-4 .gallery-item{max-width:25%}.elementor-image-gallery .gallery-columns-5 .gallery-item{max-width:20%}.elementor-image-gallery .gallery-columns-6 .gallery-item{max-width:16.666%}.elementor-image-gallery .gallery-columns-7 .gallery-item{max-width:14.28%}.elementor-image-gallery .gallery-columns-8 .gallery-item{max-width:12.5%}.elementor-image-gallery .gallery-columns-9 .gallery-item{max-width:11.11%}.elementor-image-gallery .gallery-columns-10 .gallery-item{max-width:10%}}@media (min-width:480px) and (max-width:767px){.elementor-image-gallery .gallery.gallery-columns-2 .gallery-item,.elementor-image-gallery .gallery.gallery-columns-3 .gallery-item,.elementor-image-gallery .gallery.gallery-columns-4 .gallery-item,.elementor-image-gallery .gallery.gallery-columns-5 .gallery-item,.elementor-image-gallery .gallery.gallery-columns-6 .gallery-item,.elementor-image-gallery .gallery.gallery-columns-7 .gallery-item,.elementor-image-gallery .gallery.gallery-columns-8 .gallery-item,.elementor-image-gallery .gallery.gallery-columns-9 .gallery-item,.elementor-image-gallery .gallery.gallery-columns-10 .gallery-item{max-width:50%}}@media (max-width:479px){.elementor-image-gallery .gallery.gallery-columns-2 .gallery-item,.elementor-image-gallery .gallery.gallery-columns-3 .gallery-item,.elementor-image-gallery .gallery.gallery-columns-4 .gallery-item,.elementor-image-gallery .gallery.gallery-columns-5 .gallery-item,.elementor-image-gallery .gallery.gallery-columns-6 .gallery-item,.elementor-image-gallery .gallery.gallery-columns-7 .gallery-item,.elementor-image-gallery .gallery.gallery-columns-8 .gallery-item,.elementor-image-gallery .gallery.gallery-columns-9 .gallery-item,.elementor-image-gallery .gallery.gallery-columns-10 .gallery-item{max-width:100%}}<\/style>\t\t<div class=\"elementor-image-gallery\">\n\t\t\t<div id='gallery-1' class='gallery galleryid-112 gallery-columns-4 gallery-size-thumbnail'><figure class='gallery-item'>\n\t\t\t<div class='gallery-icon landscape'>\n\t\t\t\t<a data-elementor-open-lightbox=\"yes\" data-elementor-lightbox-slideshow=\"fe164f7\" data-elementor-lightbox-title=\"da\" href='https:\/\/laconciergeriedecaroline.com\/wp-content\/uploads\/2022\/02\/da.png'><img loading=\"lazy\" decoding=\"async\" width=\"150\" height=\"150\" src=\"https:\/\/laconciergeriedecaroline.com\/wp-content\/uploads\/2022\/02\/da-150x150.png\" class=\"attachment-thumbnail size-thumbnail\" alt=\"\" \/><\/a>\n\t\t\t<\/div><\/figure><figure class='gallery-item'>\n\t\t\t<div class='gallery-icon landscape'>\n\t\t\t\t<a data-elementor-open-lightbox=\"yes\" data-elementor-lightbox-slideshow=\"fe164f7\" data-elementor-lightbox-title=\"da1\" href='https:\/\/laconciergeriedecaroline.com\/wp-content\/uploads\/2022\/02\/da1.jpg'><img loading=\"lazy\" decoding=\"async\" width=\"150\" height=\"150\" src=\"https:\/\/laconciergeriedecaroline.com\/wp-content\/uploads\/2022\/02\/da1-150x150.jpg\" class=\"attachment-thumbnail size-thumbnail\" alt=\"\" srcset=\"https:\/\/laconciergeriedecaroline.com\/wp-content\/uploads\/2022\/02\/da1-150x150.jpg 150w, https:\/\/laconciergeriedecaroline.com\/wp-content\/uploads\/2022\/02\/da1-300x300.jpg 300w, https:\/\/laconciergeriedecaroline.com\/wp-content\/uploads\/2022\/02\/da1-768x768.jpg 768w, https:\/\/laconciergeriedecaroline.com\/wp-content\/uploads\/2022\/02\/da1.jpg 780w\" sizes=\"auto, (max-width: 150px) 100vw, 150px\" \/><\/a>\n\t\t\t<\/div><\/figure><figure class='gallery-item'>\n\t\t\t<div class='gallery-icon landscape'>\n\t\t\t\t<a data-elementor-open-lightbox=\"yes\" data-elementor-lightbox-slideshow=\"fe164f7\" data-elementor-lightbox-title=\"da2\" href='https:\/\/laconciergeriedecaroline.com\/wp-content\/uploads\/2022\/02\/da2.jpg'><img loading=\"lazy\" decoding=\"async\" width=\"150\" height=\"150\" src=\"https:\/\/laconciergeriedecaroline.com\/wp-content\/uploads\/2022\/02\/da2-150x150.jpg\" class=\"attachment-thumbnail size-thumbnail\" alt=\"\" \/><\/a>\n\t\t\t<\/div><\/figure><figure class='gallery-item'>\n\t\t\t<div class='gallery-icon landscape'>\n\t\t\t\t<a data-elementor-open-lightbox=\"yes\" data-elementor-lightbox-slideshow=\"fe164f7\" data-elementor-lightbox-title=\"da3\" href='https:\/\/laconciergeriedecaroline.com\/wp-content\/uploads\/2022\/02\/da3.jpg'><img loading=\"lazy\" decoding=\"async\" width=\"150\" height=\"150\" src=\"https:\/\/laconciergeriedecaroline.com\/wp-content\/uploads\/2022\/02\/da3-150x150.jpg\" class=\"attachment-thumbnail size-thumbnail\" alt=\"\" srcset=\"https:\/\/laconciergeriedecaroline.com\/wp-content\/uploads\/2022\/02\/da3-150x150.jpg 150w, https:\/\/laconciergeriedecaroline.com\/wp-content\/uploads\/2022\/02\/da3-300x300.jpg 300w, https:\/\/laconciergeriedecaroline.com\/wp-content\/uploads\/2022\/02\/da3-768x768.jpg 768w, https:\/\/laconciergeriedecaroline.com\/wp-content\/uploads\/2022\/02\/da3.jpg 780w\" sizes=\"auto, (max-width: 150px) 100vw, 150px\" \/><\/a>\n\t\t\t<\/div><\/figure><figure class='gallery-item'>\n\t\t\t<div class='gallery-icon landscape'>\n\t\t\t\t<a data-elementor-open-lightbox=\"yes\" data-elementor-lightbox-slideshow=\"fe164f7\" data-elementor-lightbox-title=\"da4\" href='https:\/\/laconciergeriedecaroline.com\/wp-content\/uploads\/2022\/02\/da4.jpg'><img loading=\"lazy\" decoding=\"async\" width=\"150\" height=\"150\" src=\"https:\/\/laconciergeriedecaroline.com\/wp-content\/uploads\/2022\/02\/da4-150x150.jpg\" class=\"attachment-thumbnail size-thumbnail\" alt=\"\" srcset=\"https:\/\/laconciergeriedecaroline.com\/wp-content\/uploads\/2022\/02\/da4-150x150.jpg 150w, https:\/\/laconciergeriedecaroline.com\/wp-content\/uploads\/2022\/02\/da4-300x300.jpg 300w, https:\/\/laconciergeriedecaroline.com\/wp-content\/uploads\/2022\/02\/da4-768x768.jpg 768w, https:\/\/laconciergeriedecaroline.com\/wp-content\/uploads\/2022\/02\/da4.jpg 780w\" sizes=\"auto, (max-width: 150px) 100vw, 150px\" \/><\/a>\n\t\t\t<\/div><\/figure><figure class='gallery-item'>\n\t\t\t<div class='gallery-icon landscape'>\n\t\t\t\t<a data-elementor-open-lightbox=\"yes\" data-elementor-lightbox-slideshow=\"fe164f7\" data-elementor-lightbox-title=\"da5\" href='https:\/\/laconciergeriedecaroline.com\/wp-content\/uploads\/2022\/02\/da5.jpg'><img loading=\"lazy\" decoding=\"async\" width=\"150\" height=\"150\" src=\"https:\/\/laconciergeriedecaroline.com\/wp-content\/uploads\/2022\/02\/da5-150x150.jpg\" class=\"attachment-thumbnail size-thumbnail\" alt=\"\" srcset=\"https:\/\/laconciergeriedecaroline.com\/wp-content\/uploads\/2022\/02\/da5-150x150.jpg 150w, https:\/\/laconciergeriedecaroline.com\/wp-content\/uploads\/2022\/02\/da5-300x300.jpg 300w, https:\/\/laconciergeriedecaroline.com\/wp-content\/uploads\/2022\/02\/da5-768x768.jpg 768w, https:\/\/laconciergeriedecaroline.com\/wp-content\/uploads\/2022\/02\/da5.jpg 780w\" sizes=\"auto, (max-width: 150px) 100vw, 150px\" \/><\/a>\n\t\t\t<\/div><\/figure><figure class='gallery-item'>\n\t\t\t<div class='gallery-icon landscape'>\n\t\t\t\t<a data-elementor-open-lightbox=\"yes\" data-elementor-lightbox-slideshow=\"fe164f7\" data-elementor-lightbox-title=\"da6\" href='https:\/\/laconciergeriedecaroline.com\/wp-content\/uploads\/2022\/02\/da6.jpg'><img loading=\"lazy\" decoding=\"async\" width=\"150\" height=\"150\" src=\"https:\/\/laconciergeriedecaroline.com\/wp-content\/uploads\/2022\/02\/da6-150x150.jpg\" class=\"attachment-thumbnail size-thumbnail\" alt=\"\" srcset=\"https:\/\/laconciergeriedecaroline.com\/wp-content\/uploads\/2022\/02\/da6-150x150.jpg 150w, https:\/\/laconciergeriedecaroline.com\/wp-content\/uploads\/2022\/02\/da6-300x300.jpg 300w, https:\/\/laconciergeriedecaroline.com\/wp-content\/uploads\/2022\/02\/da6-768x768.jpg 768w, https:\/\/laconciergeriedecaroline.com\/wp-content\/uploads\/2022\/02\/da6.jpg 780w\" sizes=\"auto, (max-width: 150px) 100vw, 150px\" \/><\/a>\n\t\t\t<\/div><\/figure><figure class='gallery-item'>\n\t\t\t<div class='gallery-icon landscape'>\n\t\t\t\t<a data-elementor-open-lightbox=\"yes\" data-elementor-lightbox-slideshow=\"fe164f7\" data-elementor-lightbox-title=\"da7\" href='https:\/\/laconciergeriedecaroline.com\/wp-content\/uploads\/2022\/02\/da7.jpg'><img loading=\"lazy\" decoding=\"async\" width=\"150\" height=\"150\" src=\"https:\/\/laconciergeriedecaroline.com\/wp-content\/uploads\/2022\/02\/da7-150x150.jpg\" class=\"attachment-thumbnail size-thumbnail\" alt=\"\" \/><\/a>\n\t\t\t<\/div><\/figure><figure class='gallery-item'>\n\t\t\t<div class='gallery-icon landscape'>\n\t\t\t\t<a data-elementor-open-lightbox=\"yes\" data-elementor-lightbox-slideshow=\"fe164f7\" data-elementor-lightbox-title=\"da8\" href='https:\/\/laconciergeriedecaroline.com\/wp-content\/uploads\/2022\/02\/da8.jpg'><img loading=\"lazy\" decoding=\"async\" width=\"150\" height=\"150\" src=\"https:\/\/laconciergeriedecaroline.com\/wp-content\/uploads\/2022\/02\/da8-150x150.jpg\" class=\"attachment-thumbnail size-thumbnail\" alt=\"\" srcset=\"https:\/\/laconciergeriedecaroline.com\/wp-content\/uploads\/2022\/02\/da8-150x150.jpg 150w, https:\/\/laconciergeriedecaroline.com\/wp-content\/uploads\/2022\/02\/da8-300x300.jpg 300w, https:\/\/laconciergeriedecaroline.com\/wp-content\/uploads\/2022\/02\/da8.jpg 575w\" sizes=\"auto, (max-width: 150px) 100vw, 150px\" \/><\/a>\n\t\t\t<\/div><\/figure><figure class='gallery-item'>\n\t\t\t<div class='gallery-icon portrait'>\n\t\t\t\t<a data-elementor-open-lightbox=\"yes\" data-elementor-lightbox-slideshow=\"fe164f7\" data-elementor-lightbox-title=\"da9\" href='https:\/\/laconciergeriedecaroline.com\/wp-content\/uploads\/2022\/02\/da9.jpg'><img loading=\"lazy\" decoding=\"async\" width=\"150\" height=\"150\" src=\"https:\/\/laconciergeriedecaroline.com\/wp-content\/uploads\/2022\/02\/da9-150x150.jpg\" class=\"attachment-thumbnail size-thumbnail\" alt=\"\" \/><\/a>\n\t\t\t<\/div><\/figure><figure class='gallery-item'>\n\t\t\t<div class='gallery-icon landscape'>\n\t\t\t\t<a data-elementor-open-lightbox=\"yes\" data-elementor-lightbox-slideshow=\"fe164f7\" data-elementor-lightbox-title=\"da10\" href='https:\/\/laconciergeriedecaroline.com\/wp-content\/uploads\/2022\/02\/da10.jpg'><img loading=\"lazy\" decoding=\"async\" width=\"150\" height=\"150\" src=\"https:\/\/laconciergeriedecaroline.com\/wp-content\/uploads\/2022\/02\/da10-150x150.jpg\" class=\"attachment-thumbnail size-thumbnail\" alt=\"\" \/><\/a>\n\t\t\t<\/div><\/figure><figure class='gallery-item'>\n\t\t\t<div class='gallery-icon landscape'>\n\t\t\t\t<a data-elementor-open-lightbox=\"yes\" data-elementor-lightbox-slideshow=\"fe164f7\" data-elementor-lightbox-title=\"da11\" href='https:\/\/laconciergeriedecaroline.com\/wp-content\/uploads\/2022\/02\/da11.jpg'><img loading=\"lazy\" decoding=\"async\" width=\"150\" height=\"150\" src=\"https:\/\/laconciergeriedecaroline.com\/wp-content\/uploads\/2022\/02\/da11-150x150.jpg\" class=\"attachment-thumbnail size-thumbnail\" alt=\"\" srcset=\"https:\/\/laconciergeriedecaroline.com\/wp-content\/uploads\/2022\/02\/da11-150x150.jpg 150w, https:\/\/laconciergeriedecaroline.com\/wp-content\/uploads\/2022\/02\/da11-300x300.jpg 300w, https:\/\/laconciergeriedecaroline.com\/wp-content\/uploads\/2022\/02\/da11.jpg 575w\" sizes=\"auto, (max-width: 150px) 100vw, 150px\" \/><\/a>\n\t\t\t<\/div><\/figure><figure class='gallery-item'>\n\t\t\t<div class='gallery-icon landscape'>\n\t\t\t\t<a data-elementor-open-lightbox=\"yes\" data-elementor-lightbox-slideshow=\"fe164f7\" data-elementor-lightbox-title=\"da12\" href='https:\/\/laconciergeriedecaroline.com\/wp-content\/uploads\/2022\/02\/da12.jpg'><img loading=\"lazy\" decoding=\"async\" width=\"150\" height=\"150\" src=\"https:\/\/laconciergeriedecaroline.com\/wp-content\/uploads\/2022\/02\/da12-150x150.jpg\" class=\"attachment-thumbnail size-thumbnail\" alt=\"\" srcset=\"https:\/\/laconciergeriedecaroline.com\/wp-content\/uploads\/2022\/02\/da12-150x150.jpg 150w, https:\/\/laconciergeriedecaroline.com\/wp-content\/uploads\/2022\/02\/da12-300x300.jpg 300w, https:\/\/laconciergeriedecaroline.com\/wp-content\/uploads\/2022\/02\/da12.jpg 575w\" sizes=\"auto, (max-width: 150px) 100vw, 150px\" \/><\/a>\n\t\t\t<\/div><\/figure><figure class='gallery-item'>\n\t\t\t<div class='gallery-icon portrait'>\n\t\t\t\t<a data-elementor-open-lightbox=\"yes\" data-elementor-lightbox-slideshow=\"fe164f7\" data-elementor-lightbox-title=\"da13\" href='https:\/\/laconciergeriedecaroline.com\/wp-content\/uploads\/2022\/02\/da13.jpg'><img loading=\"lazy\" decoding=\"async\" width=\"150\" height=\"150\" src=\"https:\/\/laconciergeriedecaroline.com\/wp-content\/uploads\/2022\/02\/da13-150x150.jpg\" class=\"attachment-thumbnail size-thumbnail\" alt=\"\" \/><\/a>\n\t\t\t<\/div><\/figure>\n\t\t<\/div>\n\t\t<\/div>\n\t\t\t\t<\/div>\n\t\t\t\t<\/div>\n\t\t\t\t\t<\/div>\n\t\t<\/div>\n\t\t\t\t\t\t\t<\/div>\n\t\t<\/section>\n\t\t\t\t<section class=\"elementor-section elementor-inner-section elementor-element elementor-element-2c83ba3 elementor-section-boxed elementor-section-height-default elementor-section-height-default\" data-id=\"2c83ba3\" data-element_type=\"section\">\n\t\t\t\t\t\t<div class=\"elementor-container elementor-column-gap-default\">\n\t\t\t\t\t<div class=\"elementor-column elementor-col-100 elementor-inner-column elementor-element elementor-element-9dae8a9\" data-id=\"9dae8a9\" data-element_type=\"column\" data-settings=\"{&quot;background_background&quot;:&quot;classic&quot;}\">\n\t\t\t<div class=\"elementor-widget-wrap elementor-element-populated\">\n\t\t\t\t\t\t\t\t<div class=\"elementor-element elementor-element-c60e90e elementor-widget elementor-widget-google_maps\" data-id=\"c60e90e\" data-element_type=\"widget\" data-widget_type=\"google_maps.default\">\n\t\t\t\t<div class=\"elementor-widget-container\">\n\t\t\t<style>\/*! elementor - v3.5.5 - 03-02-2022 *\/\n.elementor-widget-google_maps .elementor-widget-container{overflow:hidden}.elementor-widget-google_maps iframe{height:300px}<\/style>\t\t<div class=\"elementor-custom-embed\">\n\t\t\t<iframe frameborder=\"0\" scrolling=\"no\" marginheight=\"0\" marginwidth=\"0\"\n\t\t\t\t\tsrc=\"https:\/\/maps.google.com\/maps?q=Pierre%20Grosse&#038;t=m&#038;z=15&#038;output=embed&#038;iwloc=near\"\n\t\t\t\t\ttitle=\"Pierre Grosse\"\n\t\t\t\t\taria-label=\"Pierre Grosse\"\n\t\t\t><\/iframe>\n\t\t<\/div>\n\t\t\t\t<\/div>\n\t\t\t\t<\/div>\n\t\t\t\t\t<\/div>\n\t\t<\/div>\n\t\t\t\t\t\t\t<\/div>\n\t\t<\/section>\n\t\t\t\t\t<\/div>\n\t\t<\/div>\n\t\t\t\t<div class=\"elementor-column elementor-col-33 elementor-top-column elementor-element elementor-element-9e6eaf8\" data-id=\"9e6eaf8\" data-element_type=\"column\">\n\t\t\t<div class=\"elementor-widget-wrap elementor-element-populated\">\n\t\t\t\t\t\t\t\t<section class=\"elementor-section elementor-inner-section elementor-element elementor-element-27cefaf elementor-section-boxed elementor-section-height-default elementor-section-height-default\" data-id=\"27cefaf\" data-element_type=\"section\">\n\t\t\t\t\t\t<div class=\"elementor-container elementor-column-gap-default\">\n\t\t\t\t\t<div class=\"elementor-column elementor-col-100 elementor-inner-column elementor-element elementor-element-adaf8c2\" data-id=\"adaf8c2\" data-element_type=\"column\" data-settings=\"{&quot;background_background&quot;:&quot;classic&quot;}\">\n\t\t\t<div class=\"elementor-widget-wrap elementor-element-populated\">\n\t\t\t\t\t\t\t\t<div class=\"elementor-element elementor-element-3cbddd6 elementor-widget elementor-widget-text-editor\" data-id=\"3cbddd6\" data-element_type=\"widget\" data-widget_type=\"text-editor.default\">\n\t\t\t\t<div class=\"elementor-widget-container\">\n\t\t\t<style>\/*! elementor - v3.5.5 - 03-02-2022 *\/\n.elementor-widget-text-editor.elementor-drop-cap-view-stacked .elementor-drop-cap{background-color:#818a91;color:#fff}.elementor-widget-text-editor.elementor-drop-cap-view-framed .elementor-drop-cap{color:#818a91;border:3px solid;background-color:transparent}.elementor-widget-text-editor:not(.elementor-drop-cap-view-default) .elementor-drop-cap{margin-top:8px}.elementor-widget-text-editor:not(.elementor-drop-cap-view-default) .elementor-drop-cap-letter{width:1em;height:1em}.elementor-widget-text-editor .elementor-drop-cap{float:left;text-align:center;line-height:1;font-size:50px}.elementor-widget-text-editor .elementor-drop-cap-letter{display:inline-block}<\/style>\t\t\t\t<div class=\"_68a6l8\"><div class=\"_68a6l8\"><div class=\"_68a6l8\"><div class=\"_68a6l8\"><div class=\"_68a6l8\"><div class=\"_68a6l8\"><div class=\"_68a6l8\"><div class=\"_68a6l8\"><p>Situ\u00e9 \u00e0 1950 m d\u2019altitude,c&#8217;est notre chalet familial,en m\u00e9l\u00e8ze,r\u00e9nov\u00e9 enti\u00e8rement en 2013,il b\u00e9n\u00e9ficie d&#8217;une position dominante, en bordure des alpages ,et en bordure du hameau de Pierre Grosse o\u00f9 aller se promener pour admirer les nombreuses &#8220;fustes&#8221;des 17\u00e8 et 18\u00e8 si\u00e8cles, en m\u00e8l\u00e8ze et \u00e0 toit de lauze. d\u00e9part de nombreuses randonn\u00e9es<br \/><br \/>On rejoint \u00e0 pied en 8 mn le t\u00e9leski en bas du hameau,et il n&#8217;en faut pas plus pour aller en voiture ou avec la navette(stop \u00e0 100m) \u00e0 la station de Molines -Saint-V\u00e9ran.<br \/><br \/>Et pour les t\u00e9l\u00e9-travailleurs et tous les accros du web le chalet est \u00e9quip\u00e9 d&#8217;une 4G Box avec internet illimit\u00e9 !Le chalet comporte 3 niveaux:<br \/>-sous les toits: 2 chambres doubles bien douillettes(1 grande et 1 petite)<br \/>-niveau 1 :celui accessible en voiture(parking priv\u00e9 contre le chalet):entr\u00e9e par la terrasse(qui court sur les 3 c\u00f4t\u00e9s du chalets),c&#8217;est l&#8217;\u00e9tage de la cuisine am\u00e9ricaine(mobilier Schmidt),du living( avec sa chemin\u00e9e en pierre)et de l&#8217;espace salle \u00e0 manger,de la salle de bains et d&#8217;un wc s\u00e9par\u00e9.<br \/>-niveau rdc:terrasse jardin,acc\u00e8s \u00e0 pied,, 2 chambres avec chacune 2 lits simples(plus lit b\u00e9b\u00e9) ,une salle de douche(\u00e0 l&#8217;italienne) ,un wc s\u00e9par\u00e9,une lingerie avec lave linge et s\u00e8che linge,un local \u00e0 skis.<br \/><br \/>Le tout tr\u00e8s bien \u00e9quip\u00e9,isol\u00e9 et chauff\u00e9,et d\u00e9cor\u00e9 avec beaucoup de soin.<br \/>Grande terrasse Ouest, Sud, et Est avec transats, hamac. Jardin entourant le chalet avec tr\u00e8s jolie vue sur le hameau et la montagne&#8230;et aucun vis-\u00e0-vis!<\/p><\/div><\/div><\/div><\/div><\/div><\/div><\/div><\/div>\t\t\t\t\t\t<\/div>\n\t\t\t\t<\/div>\n\t\t\t\t\t<\/div>\n\t\t<\/div>\n\t\t\t\t\t\t\t<\/div>\n\t\t<\/section>\n\t\t\t\t\t<\/div>\n\t\t<\/div>\n\t\t\t\t\t\t\t<\/div>\n\t\t<\/section>\n\t\t\t\t\t\t<\/div>\n\t\t\t\t\t<\/div>\n\t\t","protected":false},"excerpt":{"rendered":"<p>Le Chalet de Michael Situ\u00e9 \u00e0 1950 m d\u2019altitude,c&#8217;est notre chalet familial,en m\u00e9l\u00e8ze,r\u00e9nov\u00e9 enti\u00e8rement en 2013,il b\u00e9n\u00e9ficie d&#8217;une position dominante, en bordure des alpages ,et en bordure du hameau de Pierre Grosse o\u00f9 aller se promener pour admirer les nombreuses &#8220;fustes&#8221;des 17\u00e8 et 18\u00e8 si\u00e8cles, en m\u00e8l\u00e8ze et \u00e0 toit de lauze. d\u00e9part de nombreuses&#8230;<\/p>\n","protected":false},"author":1,"featured_media":0,"parent":0,"menu_order":0,"comment_status":"closed","ping_status":"closed","template":"","meta":{"om_disable_all_campaigns":false,"_monsterinsights_skip_tracking":false,"_monsterinsights_sitenote_active":false,"_monsterinsights_sitenote_note":"","_monsterinsights_sitenote_category":0,"_kad_post_transparent":"default","_kad_post_title":"hide","_kad_post_layout":"fullwidth","_kad_post_sidebar_id":"","_kad_post_content_style":"unboxed","_kad_post_vertical_padding":"hide","_kad_post_feature":"hide","_kad_post_feature_position":"","_kad_post_header":false,"_kad_post_footer":false,"footnotes":""},"class_list":["post-112","page","type-page","status-publish","hentry"],"_links":{"self":[{"href":"https:\/\/laconciergeriedecaroline.com\/index.php\/wp-json\/wp\/v2\/pages\/112","targetHints":{"allow":["GET"]}}],"collection":[{"href":"https:\/\/laconciergeriedecaroline.com\/index.php\/wp-json\/wp\/v2\/pages"}],"about":[{"href":"https:\/\/laconciergeriedecaroline.com\/index.php\/wp-json\/wp\/v2\/types\/page"}],"author":[{"embeddable":true,"href":"https:\/\/laconciergeriedecaroline.com\/index.php\/wp-json\/wp\/v2\/users\/1"}],"replies":[{"embeddable":true,"href":"https:\/\/laconciergeriedecaroline.com\/index.php\/wp-json\/wp\/v2\/comments?post=112"}],"version-history":[{"count":4,"href":"https:\/\/laconciergeriedecaroline.com\/index.php\/wp-json\/wp\/v2\/pages\/112\/revisions"}],"predecessor-version":[{"id":639,"href":"https:\/\/laconciergeriedecaroline.com\/index.php\/wp-json\/wp\/v2\/pages\/112\/revisions\/639"}],"wp:attachment":[{"href":"https:\/\/laconciergeriedecaroline.com\/index.php\/wp-json\/wp\/v2\/media?parent=112"}],"curies":[{"name":"wp","href":"https:\/\/api.w.org\/{rel}","templated":true}]}}